{"id":447,"date":"2014-03-06T20:49:37","date_gmt":"2014-03-06T18:49:37","guid":{"rendered":"http:\/\/www.gitarre-bb.de\/?page_id=447"},"modified":"2026-04-16T21:57:05","modified_gmt":"2026-04-16T19:57:05","slug":"mitspielen","status":"publish","type":"page","link":"https:\/\/www.gitarre-bb.de\/","title":{"rendered":"Mitspielen"},"content":{"rendered":"\n<h1 class=\"wp-block-heading has-text-align-center\">Herzlich willkommen&nbsp;beim Gitarrenensemble&nbsp;<span style=\"font-size: revert; font-weight: revert;\">des Zupforchesters B\u00f6blingen e.V.&nbsp;<\/span><\/h1>\n\n\n<div class=\"wp-block-image is-style-default\">\n<figure class=\"aligncenter\"><a href=\"https:\/\/www.gitarre-bb.de\/wp-content\/uploads\/2024\/01\/DSCF2960-scaled.jpg\"><img loading=\"lazy\" decoding=\"async\" width=\"1024\" height=\"683\" src=\"https:\/\/www.gitarre-bb.de\/wp-content\/uploads\/2024\/01\/DSCF2960-1024x683.jpg\" alt=\"\" class=\"wp-image-943\" srcset=\"https:\/\/www.gitarre-bb.de\/wp-content\/uploads\/2024\/01\/DSCF2960-1024x683.jpg 1024w, https:\/\/www.gitarre-bb.de\/wp-content\/uploads\/2024\/01\/DSCF2960-300x200.jpg 300w, https:\/\/www.gitarre-bb.de\/wp-content\/uploads\/2024\/01\/DSCF2960-768x512.jpg 768w, https:\/\/www.gitarre-bb.de\/wp-content\/uploads\/2024\/01\/DSCF2960-1536x1024.jpg 1536w, https:\/\/www.gitarre-bb.de\/wp-content\/uploads\/2024\/01\/DSCF2960-2048x1365.jpg 2048w, https:\/\/www.gitarre-bb.de\/wp-content\/uploads\/2024\/01\/DSCF2960-700x467.jpg 700w\" sizes=\"auto, (max-width: 1024px) 100vw, 1024px\" \/><\/a><\/figure>\n<\/div>\n\n\n<p class=\"has-text-align-center\"><em>Impression einer typischen Probe vom Probenwochenende.<\/em><\/p>\n\n\n\n<div style=\"height:40px\" aria-hidden=\"true\" class=\"wp-block-spacer\"><\/div>\n\n\n\n<figure class=\"wp-block-embed aligncenter is-type-video is-provider-youtube wp-block-embed-youtube wp-embed-aspect-16-9 wp-has-aspect-ratio\"><div class=\"wp-block-embed__wrapper\">\n<iframe loading=\"lazy\" title=\"Kurzfassung unserer Arbeitsmethode - Gitarrenorchester B\u00f6blingen\" width=\"660\" height=\"371\" src=\"https:\/\/www.youtube.com\/embed\/v-Q6pqmQ2sQ?feature=oembed\" frameborder=\"0\" allow=\"accelerometer; autoplay; clipboard-write; encrypted-media; gyroscope; picture-in-picture; web-share\" referrerpolicy=\"strict-origin-when-cross-origin\" allowfullscreen><\/iframe>\n<\/div><\/figure>\n\n\n\n<p class=\"has-text-align-center\"><em>Eindr\u00fccke unserer Arbeitsweise vom Workshop &#8222;Gemeinsames Musizieren ohne Dirigent&#8220;<\/em><\/p>\n\n\n\n<div style=\"height:40px\" aria-hidden=\"true\" class=\"wp-block-spacer\"><\/div>\n\n\n\n<hr class=\"wp-block-separator has-alpha-channel-opacity\"\/>\n\n\n\n<div style=\"height:40px\" aria-hidden=\"true\" class=\"wp-block-spacer\"><\/div>\n\n\n\n<p>Wenn Sie bei uns mitspielen wollen, k\u00f6nnen Sie gerne an einer einer <strong>&#8222;Schnupper&#8220; Probe<\/strong> teilnehmen und die Spieler und den musikalischen Leiter <a href=\"http:\/\/www.asamblea-mediterranea.de\/ensemble7.html\" target=\"_blank\" rel=\"noopener\">Alon Wallach<\/a> kennenlernen.<\/p>\n\n\n\n<p>Ge\u00fcbt wird jeden <strong>Dienstag<\/strong> w\u00e4hrend der Schulwochen\u00a0(nicht in den Schulferien)<br>von <strong>19.45 Uhr bis 21.45 Uhr<\/strong><br>im ersten Stock des Gemeindehauses der Paul-Gerhardt-Kirche (Haus der Begegnung)<br>Berliner Stra\u00dfe 39<br>in 71034 B\u00f6blingen<\/p>\n\n\n<div class=\"wp-block-image\">\n<figure class=\"alignright\"><a href=\"https:\/\/www.gitarre-bb.de\/wp-content\/uploads\/2014\/02\/IMG.jpg\"><img loading=\"lazy\" decoding=\"async\" width=\"218\" height=\"300\" src=\"https:\/\/www.gitarre-bb.de\/wp-content\/uploads\/2014\/02\/IMG-218x300.jpg\" alt=\"IMG\" class=\"wp-image-439\" srcset=\"https:\/\/www.gitarre-bb.de\/wp-content\/uploads\/2014\/02\/IMG-218x300.jpg 218w, https:\/\/www.gitarre-bb.de\/wp-content\/uploads\/2014\/02\/IMG-745x1024.jpg 745w, https:\/\/www.gitarre-bb.de\/wp-content\/uploads\/2014\/02\/IMG-700x961.jpg 700w\" sizes=\"auto, (max-width: 218px) 100vw, 218px\" \/><\/a><\/figure>\n<\/div>\n\n\n<p>Im Gitarrenensemble legen wir sehr viel Wert darauf, dass die St\u00fccke so ausgew\u00e4hlt werden, dass sowohl erfahrene Spieler*innen als auch Spieler*innen, die erst kurze Zeit Gitarre spielen, f\u00fcr sie geeignete Stimmen finden. F\u00fcr den Einstieg sollte man das einstimmige Spiel nach Noten in den unteren Lagen beherrschen. Ein typisches St\u00fcck ist z.B. die Bearbeitung von Debussy St\u00fccken von Anton H\u00f6ger (<a title=\"H\u00f6ger Debussy\" href=\"http:\/\/conquest.imslp.info\/files\/imglnks\/usimg\/a\/a1\/IMSLP312071-PMLP81775-Debussy_-_Trois_Chansons_de_Charles_dOrleans_3.pdf\">Partitur<\/a>). Dieses Niveau erreicht man nach etwa ein bis zwei Jahren Unterricht bei einem guten Gitarrenlehrer und etwas Flei\u00df. <\/p>\n\n\n\n<p>Gerne vermitteln wir auch Unterricht, bei dem die St\u00fccke erarbeitet werden. In unserem Ensemble spielen sowohl Einstieger*innen als auch erfahrene Gitarrist*innen bis zum Gitarrenlehrer mit. Mitglieder spielen auch in Duos, Trios oder im Quartett zusammen und treten in diesen Formationen auch im Konzert auf. Ein bis zweimal j\u00e4hrlich veranstalten wir auch ein Probenwochenende, meist um ein Konzert vorzubereiten.<\/p>\n\n\n\n<p>Der Verein ist Mitglied im <a title=\"Verband Deutscher Zupfmusiker e.V.\" href=\"Verband Deutscher Zupfmusiker e.V. \">Bund Deutscher Zupfmusiker e.V.&nbsp;<\/a> an dessen Fortbildungskursen unsere Spieler teilnehmen k\u00f6nnen.<\/p>\n\n\n\n<h3 class=\"wp-block-heading\"><strong>Mitgliedsbeitr\u00e4ge<\/strong><\/h3>\n\n\n\n<p>Die&nbsp;aktuellen j\u00e4hrlichen Mitgliedsbeitr\u00e4ge betragen:<\/p>\n\n\n\n<p>Aktives&nbsp;Mitglied&nbsp;ohne Erm\u00e4\u00dfigung: 165 \u20ac<\/p>\n\n\n\n<p>Aktives Mitglied&nbsp;mit Erm\u00e4\u00dfigung: 82,50 \u20ac<\/p>\n\n\n\n<p>Passives Mitglied: 32 \u20ac<\/p>\n","protected":false},"excerpt":{"rendered":"<p>Herzlich willkommen&nbsp;beim Gitarrenensemble&nbsp;des Zupforchesters B\u00f6blingen e.V.&nbsp; Impression einer typischen Probe vom Probenwochenende. Eindr\u00fccke unserer Arbeitsweise vom Workshop &#8222;Gemeinsames Musizieren ohne Dirigent&#8220; Wenn Sie bei uns mitspielen wollen, k\u00f6nnen Sie gerne an einer einer &#8222;Schnupper&#8220; Probe teilnehmen und die Spieler und den musikalischen Leiter Alon Wallach kennenlernen. Ge\u00fcbt wird jeden Dienstag &#8230;<\/p>\n","protected":false},"author":6,"featured_media":0,"parent":0,"menu_order":0,"comment_status":"closed","ping_status":"closed","template":"template-landing-page.php","meta":{"footnotes":""},"class_list":["post-447","page","type-page","status-publish","hentry","column","onecol"],"_links":{"self":[{"href":"https:\/\/www.gitarre-bb.de\/index.php?rest_route=\/wp\/v2\/pages\/447","targetHints":{"allow":["GET"]}}],"collection":[{"href":"https:\/\/www.gitarre-bb.de\/index.php?rest_route=\/wp\/v2\/pages"}],"about":[{"href":"https:\/\/www.gitarre-bb.de\/index.php?rest_route=\/wp\/v2\/types\/page"}],"author":[{"embeddable":true,"href":"https:\/\/www.gitarre-bb.de\/index.php?rest_route=\/wp\/v2\/users\/6"}],"replies":[{"embeddable":true,"href":"https:\/\/www.gitarre-bb.de\/index.php?rest_route=%2Fwp%2Fv2%2Fcomments&post=447"}],"version-history":[{"count":45,"href":"https:\/\/www.gitarre-bb.de\/index.php?rest_route=\/wp\/v2\/pages\/447\/revisions"}],"predecessor-version":[{"id":1033,"href":"https:\/\/www.gitarre-bb.de\/index.php?rest_route=\/wp\/v2\/pages\/447\/revisions\/1033"}],"wp:attachment":[{"href":"https:\/\/www.gitarre-bb.de\/index.php?rest_route=%2Fwp%2Fv2%2Fmedia&parent=447"}],"curies":[{"name":"wp","href":"https:\/\/api.w.org\/{rel}","templated":true}]}}