{"id":122,"date":"2013-10-20T13:53:12","date_gmt":"2013-10-20T11:53:12","guid":{"rendered":"http:\/\/jagen.bplaced.net\/wordpress\/?page_id=122"},"modified":"2016-03-30T10:12:28","modified_gmt":"2016-03-30T08:12:28","slug":"bankverbindung","status":"publish","type":"page","link":"https:\/\/www.gitarre-bb.de\/?page_id=122","title":{"rendered":"Bankverbindung"},"content":{"rendered":"<p><strong>Zupforchester B\u00f6blingen e.V.<\/strong><br \/>\nKreissparkasse B\u00f6blingen<br \/>\nIBAN: DE61 6035 0130 0000 1429 99<br \/>\nBIC: BBKRDE68XXX<\/p>\n<address>F\u00fcr Spenden in jeder H\u00f6he, die unsere Arbeit erm\u00f6glichen, sind wir dankbar.<br \/>\nSie erhalten daf\u00fcr steuerlich wirksame Zuwendungsbest\u00e4tigungen.<\/address>\n","protected":false},"excerpt":{"rendered":"<p>Zupforchester B\u00f6blingen e.V. Kreissparkasse B\u00f6blingen IBAN: DE61 6035 0130 0000 1429 99 BIC: BBKRDE68XXX F\u00fcr Spenden in jeder H\u00f6he, die unsere Arbeit erm\u00f6glichen, sind wir dankbar. Sie erhalten daf\u00fcr steuerlich wirksame Zuwendungsbest\u00e4tigungen.<\/p>\n","protected":false},"author":1,"featured_media":0,"parent":128,"menu_order":0,"comment_status":"closed","ping_status":"closed","template":"","meta":{"footnotes":""},"class_list":["post-122","page","type-page","status-publish","hentry","column","onecol"],"_links":{"self":[{"href":"https:\/\/www.gitarre-bb.de\/index.php?rest_route=\/wp\/v2\/pages\/122","targetHints":{"allow":["GET"]}}],"collection":[{"href":"https:\/\/www.gitarre-bb.de\/index.php?rest_route=\/wp\/v2\/pages"}],"about":[{"href":"https:\/\/www.gitarre-bb.de\/index.php?rest_route=\/wp\/v2\/types\/page"}],"author":[{"embeddable":true,"href":"https:\/\/www.gitarre-bb.de\/index.php?rest_route=\/wp\/v2\/users\/1"}],"replies":[{"embeddable":true,"href":"https:\/\/www.gitarre-bb.de\/index.php?rest_route=%2Fwp%2Fv2%2Fcomments&post=122"}],"version-history":[{"count":4,"href":"https:\/\/www.gitarre-bb.de\/index.php?rest_route=\/wp\/v2\/pages\/122\/revisions"}],"predecessor-version":[{"id":696,"href":"https:\/\/www.gitarre-bb.de\/index.php?rest_route=\/wp\/v2\/pages\/122\/revisions\/696"}],"up":[{"embeddable":true,"href":"https:\/\/www.gitarre-bb.de\/index.php?rest_route=\/wp\/v2\/pages\/128"}],"wp:attachment":[{"href":"https:\/\/www.gitarre-bb.de\/index.php?rest_route=%2Fwp%2Fv2%2Fmedia&parent=122"}],"curies":[{"name":"wp","href":"https:\/\/api.w.org\/{rel}","templated":true}]}}